{"id":76,"date":"2020-01-10T02:51:46","date_gmt":"2020-01-10T02:51:46","guid":{"rendered":"http:\/\/csafm.ca\/home\/?page_id=76"},"modified":"2024-02-16T21:05:06","modified_gmt":"2024-02-16T21:05:06","slug":"home","status":"publish","type":"page","link":"http:\/\/csafm.ca\/home\/","title":{"rendered":"BIENVENUE-WELCOME"},"content":{"rendered":"\n<div class=\"wp-block-group\"><div class=\"wp-block-group__inner-container is-layout-flow wp-block-group-is-layout-flow\"><\/div><\/div>\n\n\n\n<div class=\"wp-block-group\"><div class=\"wp-block-group__inner-container is-layout-flow wp-block-group-is-layout-flow\">\n<h2 class=\"wp-block-heading\">Welcome to the Canadian Society of Agricultural and Forest Meteorology\/La soci\u00e9t\u00e9 canadienne de m\u00e9t\u00e9orologie agricole et foresti\u00e8re<\/h2>\n<\/div><\/div>\n\n\n\n<p><\/p>\n\n\n\n<div class=\"wp-block-columns is-layout-flex wp-container-core-columns-is-layout-9d6595d7 wp-block-columns-is-layout-flex\">\n<div class=\"wp-block-column is-layout-flow wp-block-column-is-layout-flow\" style=\"flex-basis:66.66%\">\n<p>The Canadian Society of Agricultural and Forest Meteorology\/La Soci\u00e9t\u00e9 canadienne de m\u00e9t\u00e9orologie agricole et foresti\u00e8re is a non-governmental, non-profit organization for scientists, students, engineers, and technologists involved in research that enhances our understanding of the interactions between the atmosphere and the Earth&#8217;s surface.<\/p>\n\n\n\n<p>Contact us at <strong><a rel=\"noreferrer noopener\" href=\"mailto:info@csafm.ca\" target=\"_blank\">info@csafm.ca<\/a> <\/strong>to join the listserv, or for any inquiries. <\/p>\n\n\n\n<hr class=\"wp-block-separator has-css-opacity\"\/>\n\n\n\n<h2 class=\"wp-block-heading\">Membership<\/h2>\n\n\n\n<form action=\"https:\/\/www.paypal.com\/cgi-bin\/webscr\" method=\"post\" target=\"_top\">\n<input type=\"hidden\" name=\"cmd\" value=\"_s-xclick\">\n<input type=\"hidden\" name=\"hosted_button_id\" value=\"DLFARSEXF6WU2\">\n<table>\n<tbody><tr><td><input type=\"hidden\" name=\"on0\" value=\"Membership Options\">Membership Options<\/td><\/tr><tr><td><select name=\"os0\">\n           <option value=\"1 year student membership\">1 year student membership $5.00 CAD<\/option>\n           <option value=\"1 year regular membership\">1 year regular membership $20.00 CAD<\/option>\n<\/select> <\/td><\/tr>\n<\/tbody><\/table>\n<input type=\"hidden\" name=\"currency_code\" value=\"CAD\">\n<input type=\"image\" src=\"https:\/\/www.paypalobjects.com\/en_US\/i\/btn\/btn_buynowCC_LG.gif\" border=\"0\" name=\"submit\" alt=\"PayPal - The safer, easier way to pay online!\">\n<img loading=\"lazy\" decoding=\"async\" alt=\"\" border=\"0\" src=\"https:\/\/www.paypalobjects.com\/en_US\/i\/scr\/pixel.gif\" width=\"1\" height=\"1\">\n<\/form>\n<br>\n\n\n\n<h2 class=\"wp-block-heading\"><\/h2>\n\n\n\n<hr class=\"wp-block-separator has-css-opacity\"\/>\n\n\n\n<h2>Lastest News:<\/h2>\n\n\n<ul class=\"wp-block-latest-posts__list has-dates wp-block-latest-posts\"><li><a class=\"wp-block-latest-posts__post-title\" href=\"http:\/\/csafm.ca\/home\/2026\/04\/16\/job-opportunity-micrometeorological-technician-university-of-manitoba-apply-by-may-13-2026\/\">Job Opportunity: Micrometeorological Technician \u2013 University of Manitoba (Apply by May 13, 2026)<\/a><time datetime=\"2026-04-16T13:44:02+00:00\" class=\"wp-block-latest-posts__post-date\">April 16, 2026<\/time><\/li>\n<li><a class=\"wp-block-latest-posts__post-title\" href=\"http:\/\/csafm.ca\/home\/2026\/04\/16\/join-us-in-guelph-for-our-agm-and-two-csafm-sessions-at-june-20-25-2026\/\">Join us in Guelph for our AGM and two CSAFM sessions at June 20-25, 2026<\/a><time datetime=\"2026-04-16T13:42:17+00:00\" class=\"wp-block-latest-posts__post-date\">April 16, 2026<\/time><\/li>\n<li><a class=\"wp-block-latest-posts__post-title\" href=\"http:\/\/csafm.ca\/home\/2024\/12\/23\/call-for-abstracts-csafm-scmaf-sessions-at-soils-for-our-future-sfof-2025\/\">Call for Abstracts: CSAFM-SCMAF Sessions at SOILS FOR OUR FUTURE (SFOF) 2025<\/a><time datetime=\"2024-12-23T19:47:08+00:00\" class=\"wp-block-latest-posts__post-date\">December 23, 2024<\/time><\/li>\n<\/ul>\n\n\n<hr class=\"wp-block-separator has-css-opacity\"\/>\n<\/div>\n\n\n\n<div class=\"wp-block-column is-layout-flow wp-block-column-is-layout-flow\" style=\"flex-basis:33.33%\">\n<figure class=\"wp-block-embed is-type-rich is-provider-twitter wp-block-embed-twitter\"><div class=\"wp-block-embed__wrapper\">\n<a class=\"twitter-timeline\" data-width=\"1160\" data-height=\"1000\" data-dnt=\"true\" href=\"https:\/\/twitter.com\/csafm_scmaf?ref_src=twsrc%5Etfw\">Tweets by csafm_scmaf<\/a><script async src=\"https:\/\/platform.twitter.com\/widgets.js\" charset=\"utf-8\"><\/script>\n<\/div><\/figure>\n<\/div>\n<\/div>\n","protected":false},"excerpt":{"rendered":"<p>Welcome to the Canadian Society of Agricultural and Forest Meteorology\/La soci\u00e9t\u00e9 canadienne de m\u00e9t\u00e9orologie agricole et foresti\u00e8re The Canadian Society&hellip;<\/p>\n","protected":false},"author":5,"featured_media":0,"parent":0,"menu_order":0,"comment_status":"closed","ping_status":"closed","template":"","meta":{"footnotes":""},"class_list":["post-76","page","type-page","status-publish","hentry"],"jetpack_sharing_enabled":true,"post_mailing_queue_ids":[],"_links":{"self":[{"href":"http:\/\/csafm.ca\/home\/wp-json\/wp\/v2\/pages\/76","targetHints":{"allow":["GET"]}}],"collection":[{"href":"http:\/\/csafm.ca\/home\/wp-json\/wp\/v2\/pages"}],"about":[{"href":"http:\/\/csafm.ca\/home\/wp-json\/wp\/v2\/types\/page"}],"author":[{"embeddable":true,"href":"http:\/\/csafm.ca\/home\/wp-json\/wp\/v2\/users\/5"}],"replies":[{"embeddable":true,"href":"http:\/\/csafm.ca\/home\/wp-json\/wp\/v2\/comments?post=76"}],"version-history":[{"count":33,"href":"http:\/\/csafm.ca\/home\/wp-json\/wp\/v2\/pages\/76\/revisions"}],"predecessor-version":[{"id":752,"href":"http:\/\/csafm.ca\/home\/wp-json\/wp\/v2\/pages\/76\/revisions\/752"}],"wp:attachment":[{"href":"http:\/\/csafm.ca\/home\/wp-json\/wp\/v2\/media?parent=76"}],"curies":[{"name":"wp","href":"https:\/\/api.w.org\/{rel}","templated":true}]}}